{"id":466,"date":"2026-03-22T13:58:44","date_gmt":"2026-03-22T13:58:44","guid":{"rendered":"https:\/\/www.zateplovanisedlacek.cz\/?page_id=466"},"modified":"2026-03-22T13:58:44","modified_gmt":"2026-03-22T13:58:44","slug":"rodinny-dum-nove-mesto-nad-metuji-2","status":"publish","type":"page","link":"https:\/\/www.zateplovanisedlacek.cz\/?page_id=466","title":{"rendered":"Rodinn\u00fd d\u016fm Nov\u00e9 M\u011bsto nad Metuj\u00ed"},"content":{"rendered":"\n<figure class=\"wp-block-gallery has-nested-images columns-default is-cropped wp-block-gallery-1 is-layout-flex wp-block-gallery-is-layout-flex\">\n<figure class=\"wp-block-image size-large\"><a href=\"https:\/\/www.zateplovanisedlacek.cz\/wp-content\/uploads\/2026\/03\/WhatsApp-Image-2026-01-22-at-09.46.48-2.jpeg\"><img loading=\"lazy\" decoding=\"async\" width=\"1024\" height=\"771\" data-id=\"467\" src=\"https:\/\/www.zateplovanisedlacek.cz\/wp-content\/uploads\/2026\/03\/WhatsApp-Image-2026-01-22-at-09.46.48-2-1024x771.jpeg\" alt=\"\" class=\"wp-image-467\" srcset=\"https:\/\/www.zateplovanisedlacek.cz\/wp-content\/uploads\/2026\/03\/WhatsApp-Image-2026-01-22-at-09.46.48-2-1024x771.jpeg 1024w, https:\/\/www.zateplovanisedlacek.cz\/wp-content\/uploads\/2026\/03\/WhatsApp-Image-2026-01-22-at-09.46.48-2-300x226.jpeg 300w, https:\/\/www.zateplovanisedlacek.cz\/wp-content\/uploads\/2026\/03\/WhatsApp-Image-2026-01-22-at-09.46.48-2-768x578.jpeg 768w, https:\/\/www.zateplovanisedlacek.cz\/wp-content\/uploads\/2026\/03\/WhatsApp-Image-2026-01-22-at-09.46.48-2-1536x1157.jpeg 1536w, https:\/\/www.zateplovanisedlacek.cz\/wp-content\/uploads\/2026\/03\/WhatsApp-Image-2026-01-22-at-09.46.48-2.jpeg 2040w\" sizes=\"auto, (max-width: 1024px) 100vw, 1024px\" \/><\/a><\/figure>\n\n\n\n<figure class=\"wp-block-image size-large\"><img loading=\"lazy\" decoding=\"async\" width=\"1024\" height=\"771\" data-id=\"468\" src=\"https:\/\/www.zateplovanisedlacek.cz\/wp-content\/uploads\/2026\/03\/WhatsApp-Image-2026-01-22-at-09.46.48-1024x771.jpeg\" alt=\"\" class=\"wp-image-468\" srcset=\"https:\/\/www.zateplovanisedlacek.cz\/wp-content\/uploads\/2026\/03\/WhatsApp-Image-2026-01-22-at-09.46.48-1024x771.jpeg 1024w, https:\/\/www.zateplovanisedlacek.cz\/wp-content\/uploads\/2026\/03\/WhatsApp-Image-2026-01-22-at-09.46.48-300x226.jpeg 300w, https:\/\/www.zateplovanisedlacek.cz\/wp-content\/uploads\/2026\/03\/WhatsApp-Image-2026-01-22-at-09.46.48-768x578.jpeg 768w, https:\/\/www.zateplovanisedlacek.cz\/wp-content\/uploads\/2026\/03\/WhatsApp-Image-2026-01-22-at-09.46.48-1536x1157.jpeg 1536w, https:\/\/www.zateplovanisedlacek.cz\/wp-content\/uploads\/2026\/03\/WhatsApp-Image-2026-01-22-at-09.46.48.jpeg 2040w\" sizes=\"auto, (max-width: 1024px) 100vw, 1024px\" \/><\/figure>\n\n\n\n<figure class=\"wp-block-image size-large\"><img loading=\"lazy\" decoding=\"async\" width=\"1024\" height=\"771\" data-id=\"469\" src=\"https:\/\/www.zateplovanisedlacek.cz\/wp-content\/uploads\/2026\/03\/WhatsApp-Image-2026-01-22-at-09.46.48-3-1024x771.jpeg\" alt=\"\" class=\"wp-image-469\" srcset=\"https:\/\/www.zateplovanisedlacek.cz\/wp-content\/uploads\/2026\/03\/WhatsApp-Image-2026-01-22-at-09.46.48-3-1024x771.jpeg 1024w, https:\/\/www.zateplovanisedlacek.cz\/wp-content\/uploads\/2026\/03\/WhatsApp-Image-2026-01-22-at-09.46.48-3-300x226.jpeg 300w, https:\/\/www.zateplovanisedlacek.cz\/wp-content\/uploads\/2026\/03\/WhatsApp-Image-2026-01-22-at-09.46.48-3-768x578.jpeg 768w, https:\/\/www.zateplovanisedlacek.cz\/wp-content\/uploads\/2026\/03\/WhatsApp-Image-2026-01-22-at-09.46.48-3-1536x1157.jpeg 1536w, https:\/\/www.zateplovanisedlacek.cz\/wp-content\/uploads\/2026\/03\/WhatsApp-Image-2026-01-22-at-09.46.48-3.jpeg 2040w\" sizes=\"auto, (max-width: 1024px) 100vw, 1024px\" \/><\/figure>\n<\/figure>\n","protected":false},"excerpt":{"rendered":"","protected":false},"author":2,"featured_media":0,"parent":0,"menu_order":0,"comment_status":"closed","ping_status":"closed","template":"","meta":{"footnotes":""},"class_list":["post-466","page","type-page","status-publish","hentry"],"_links":{"self":[{"href":"https:\/\/www.zateplovanisedlacek.cz\/index.php?rest_route=\/wp\/v2\/pages\/466","targetHints":{"allow":["GET"]}}],"collection":[{"href":"https:\/\/www.zateplovanisedlacek.cz\/index.php?rest_route=\/wp\/v2\/pages"}],"about":[{"href":"https:\/\/www.zateplovanisedlacek.cz\/index.php?rest_route=\/wp\/v2\/types\/page"}],"author":[{"embeddable":true,"href":"https:\/\/www.zateplovanisedlacek.cz\/index.php?rest_route=\/wp\/v2\/users\/2"}],"replies":[{"embeddable":true,"href":"https:\/\/www.zateplovanisedlacek.cz\/index.php?rest_route=%2Fwp%2Fv2%2Fcomments&post=466"}],"version-history":[{"count":1,"href":"https:\/\/www.zateplovanisedlacek.cz\/index.php?rest_route=\/wp\/v2\/pages\/466\/revisions"}],"predecessor-version":[{"id":470,"href":"https:\/\/www.zateplovanisedlacek.cz\/index.php?rest_route=\/wp\/v2\/pages\/466\/revisions\/470"}],"wp:attachment":[{"href":"https:\/\/www.zateplovanisedlacek.cz\/index.php?rest_route=%2Fwp%2Fv2%2Fmedia&parent=466"}],"curies":[{"name":"wp","href":"https:\/\/api.w.org\/{rel}","templated":true}]}}