{"id":454,"date":"2026-03-22T13:56:20","date_gmt":"2026-03-22T13:56:20","guid":{"rendered":"https:\/\/www.zateplovanisedlacek.cz\/?page_id=454"},"modified":"2026-03-22T13:56:20","modified_gmt":"2026-03-22T13:56:20","slug":"zbourani-a-stavba-rodinneho-domu-v-hradci-kralove","status":"publish","type":"page","link":"https:\/\/www.zateplovanisedlacek.cz\/?page_id=454","title":{"rendered":"Zbour\u00e1n\u00ed a Stavba Rodinn\u00e9ho domu v Hradci Kr\u00e1lov\u00e9"},"content":{"rendered":"\n<figure class=\"wp-block-gallery has-nested-images columns-default is-cropped wp-block-gallery-1 is-layout-flex wp-block-gallery-is-layout-flex\">\n<figure class=\"wp-block-image size-large\"><a href=\"http:\/\/www.zateplovanisedlacek.cz\/wp-content\/uploads\/2026\/03\/WhatsApp-Image-2026-01-22-at-09.36.38-kopie.jpeg\"><img loading=\"lazy\" decoding=\"async\" width=\"1024\" height=\"819\" data-id=\"455\" src=\"http:\/\/www.zateplovanisedlacek.cz\/wp-content\/uploads\/2026\/03\/WhatsApp-Image-2026-01-22-at-09.36.38-kopie-1024x819.jpeg\" alt=\"\" class=\"wp-image-455\" srcset=\"https:\/\/www.zateplovanisedlacek.cz\/wp-content\/uploads\/2026\/03\/WhatsApp-Image-2026-01-22-at-09.36.38-kopie-1024x819.jpeg 1024w, https:\/\/www.zateplovanisedlacek.cz\/wp-content\/uploads\/2026\/03\/WhatsApp-Image-2026-01-22-at-09.36.38-kopie-300x240.jpeg 300w, https:\/\/www.zateplovanisedlacek.cz\/wp-content\/uploads\/2026\/03\/WhatsApp-Image-2026-01-22-at-09.36.38-kopie-768x614.jpeg 768w, https:\/\/www.zateplovanisedlacek.cz\/wp-content\/uploads\/2026\/03\/WhatsApp-Image-2026-01-22-at-09.36.38-kopie-1536x1229.jpeg 1536w, https:\/\/www.zateplovanisedlacek.cz\/wp-content\/uploads\/2026\/03\/WhatsApp-Image-2026-01-22-at-09.36.38-kopie-500x400.jpeg 500w, https:\/\/www.zateplovanisedlacek.cz\/wp-content\/uploads\/2026\/03\/WhatsApp-Image-2026-01-22-at-09.36.38-kopie.jpeg 1576w\" sizes=\"auto, (max-width: 1024px) 100vw, 1024px\" \/><\/a><\/figure>\n\n\n\n<figure class=\"wp-block-image size-large\"><img loading=\"lazy\" decoding=\"async\" width=\"1024\" height=\"819\" data-id=\"456\" src=\"https:\/\/www.zateplovanisedlacek.cz\/wp-content\/uploads\/2026\/03\/WhatsApp-Image-2026-01-22-at-09.36.39-1024x819.jpeg\" alt=\"\" class=\"wp-image-456\" srcset=\"https:\/\/www.zateplovanisedlacek.cz\/wp-content\/uploads\/2026\/03\/WhatsApp-Image-2026-01-22-at-09.36.39-1024x819.jpeg 1024w, https:\/\/www.zateplovanisedlacek.cz\/wp-content\/uploads\/2026\/03\/WhatsApp-Image-2026-01-22-at-09.36.39-300x240.jpeg 300w, https:\/\/www.zateplovanisedlacek.cz\/wp-content\/uploads\/2026\/03\/WhatsApp-Image-2026-01-22-at-09.36.39-768x615.jpeg 768w, https:\/\/www.zateplovanisedlacek.cz\/wp-content\/uploads\/2026\/03\/WhatsApp-Image-2026-01-22-at-09.36.39-500x400.jpeg 500w, https:\/\/www.zateplovanisedlacek.cz\/wp-content\/uploads\/2026\/03\/WhatsApp-Image-2026-01-22-at-09.36.39.jpeg 1491w\" sizes=\"auto, (max-width: 1024px) 100vw, 1024px\" \/><\/figure>\n\n\n\n<figure class=\"wp-block-image size-large\"><img loading=\"lazy\" decoding=\"async\" width=\"1024\" height=\"819\" data-id=\"457\" src=\"https:\/\/www.zateplovanisedlacek.cz\/wp-content\/uploads\/2026\/03\/WhatsApp-Image-2026-01-22-at-09.36.40-1024x819.jpeg\" alt=\"\" class=\"wp-image-457\" srcset=\"https:\/\/www.zateplovanisedlacek.cz\/wp-content\/uploads\/2026\/03\/WhatsApp-Image-2026-01-22-at-09.36.40-1024x819.jpeg 1024w, https:\/\/www.zateplovanisedlacek.cz\/wp-content\/uploads\/2026\/03\/WhatsApp-Image-2026-01-22-at-09.36.40-300x240.jpeg 300w, https:\/\/www.zateplovanisedlacek.cz\/wp-content\/uploads\/2026\/03\/WhatsApp-Image-2026-01-22-at-09.36.40-768x614.jpeg 768w, https:\/\/www.zateplovanisedlacek.cz\/wp-content\/uploads\/2026\/03\/WhatsApp-Image-2026-01-22-at-09.36.40-500x400.jpeg 500w, https:\/\/www.zateplovanisedlacek.cz\/wp-content\/uploads\/2026\/03\/WhatsApp-Image-2026-01-22-at-09.36.40.jpeg 1391w\" sizes=\"auto, (max-width: 1024px) 100vw, 1024px\" \/><\/figure>\n\n\n\n<figure class=\"wp-block-image size-large\"><img loading=\"lazy\" decoding=\"async\" width=\"1024\" height=\"819\" data-id=\"458\" src=\"https:\/\/www.zateplovanisedlacek.cz\/wp-content\/uploads\/2026\/03\/WhatsApp-Image-2026-01-22-at-09.36.41-1024x819.jpeg\" alt=\"\" class=\"wp-image-458\" srcset=\"https:\/\/www.zateplovanisedlacek.cz\/wp-content\/uploads\/2026\/03\/WhatsApp-Image-2026-01-22-at-09.36.41-1024x819.jpeg 1024w, https:\/\/www.zateplovanisedlacek.cz\/wp-content\/uploads\/2026\/03\/WhatsApp-Image-2026-01-22-at-09.36.41-300x240.jpeg 300w, https:\/\/www.zateplovanisedlacek.cz\/wp-content\/uploads\/2026\/03\/WhatsApp-Image-2026-01-22-at-09.36.41-768x614.jpeg 768w, https:\/\/www.zateplovanisedlacek.cz\/wp-content\/uploads\/2026\/03\/WhatsApp-Image-2026-01-22-at-09.36.41-1536x1229.jpeg 1536w, https:\/\/www.zateplovanisedlacek.cz\/wp-content\/uploads\/2026\/03\/WhatsApp-Image-2026-01-22-at-09.36.41-500x400.jpeg 500w, https:\/\/www.zateplovanisedlacek.cz\/wp-content\/uploads\/2026\/03\/WhatsApp-Image-2026-01-22-at-09.36.41.jpeg 2048w\" sizes=\"auto, (max-width: 1024px) 100vw, 1024px\" \/><\/figure>\n\n\n\n<figure class=\"wp-block-image size-large\"><img loading=\"lazy\" decoding=\"async\" width=\"1024\" height=\"819\" data-id=\"459\" src=\"https:\/\/www.zateplovanisedlacek.cz\/wp-content\/uploads\/2026\/03\/WhatsApp-Image-2026-01-22-at-09.36.42-2-1024x819.jpeg\" alt=\"\" class=\"wp-image-459\" srcset=\"https:\/\/www.zateplovanisedlacek.cz\/wp-content\/uploads\/2026\/03\/WhatsApp-Image-2026-01-22-at-09.36.42-2-1024x819.jpeg 1024w, https:\/\/www.zateplovanisedlacek.cz\/wp-content\/uploads\/2026\/03\/WhatsApp-Image-2026-01-22-at-09.36.42-2-300x240.jpeg 300w, https:\/\/www.zateplovanisedlacek.cz\/wp-content\/uploads\/2026\/03\/WhatsApp-Image-2026-01-22-at-09.36.42-2-768x614.jpeg 768w, https:\/\/www.zateplovanisedlacek.cz\/wp-content\/uploads\/2026\/03\/WhatsApp-Image-2026-01-22-at-09.36.42-2-500x400.jpeg 500w, https:\/\/www.zateplovanisedlacek.cz\/wp-content\/uploads\/2026\/03\/WhatsApp-Image-2026-01-22-at-09.36.42-2.jpeg 1359w\" sizes=\"auto, (max-width: 1024px) 100vw, 1024px\" \/><\/figure>\n\n\n\n<figure class=\"wp-block-image size-large\"><img loading=\"lazy\" decoding=\"async\" width=\"1024\" height=\"819\" data-id=\"460\" src=\"https:\/\/www.zateplovanisedlacek.cz\/wp-content\/uploads\/2026\/03\/WhatsApp-Image-2026-01-22-at-09.36.42-1024x819.jpeg\" alt=\"\" class=\"wp-image-460\" srcset=\"https:\/\/www.zateplovanisedlacek.cz\/wp-content\/uploads\/2026\/03\/WhatsApp-Image-2026-01-22-at-09.36.42-1024x819.jpeg 1024w, https:\/\/www.zateplovanisedlacek.cz\/wp-content\/uploads\/2026\/03\/WhatsApp-Image-2026-01-22-at-09.36.42-300x240.jpeg 300w, https:\/\/www.zateplovanisedlacek.cz\/wp-content\/uploads\/2026\/03\/WhatsApp-Image-2026-01-22-at-09.36.42-768x615.jpeg 768w, https:\/\/www.zateplovanisedlacek.cz\/wp-content\/uploads\/2026\/03\/WhatsApp-Image-2026-01-22-at-09.36.42-1536x1229.jpeg 1536w, https:\/\/www.zateplovanisedlacek.cz\/wp-content\/uploads\/2026\/03\/WhatsApp-Image-2026-01-22-at-09.36.42-500x400.jpeg 500w, https:\/\/www.zateplovanisedlacek.cz\/wp-content\/uploads\/2026\/03\/WhatsApp-Image-2026-01-22-at-09.36.42.jpeg 1592w\" sizes=\"auto, (max-width: 1024px) 100vw, 1024px\" \/><\/figure>\n\n\n\n<figure class=\"wp-block-image size-large\"><img loading=\"lazy\" decoding=\"async\" width=\"1024\" height=\"819\" data-id=\"461\" src=\"https:\/\/www.zateplovanisedlacek.cz\/wp-content\/uploads\/2026\/03\/WhatsApp-Image-2026-01-22-at-09.36.44-2-1024x819.jpeg\" alt=\"\" class=\"wp-image-461\" srcset=\"https:\/\/www.zateplovanisedlacek.cz\/wp-content\/uploads\/2026\/03\/WhatsApp-Image-2026-01-22-at-09.36.44-2-1024x819.jpeg 1024w, https:\/\/www.zateplovanisedlacek.cz\/wp-content\/uploads\/2026\/03\/WhatsApp-Image-2026-01-22-at-09.36.44-2-300x240.jpeg 300w, https:\/\/www.zateplovanisedlacek.cz\/wp-content\/uploads\/2026\/03\/WhatsApp-Image-2026-01-22-at-09.36.44-2-768x614.jpeg 768w, https:\/\/www.zateplovanisedlacek.cz\/wp-content\/uploads\/2026\/03\/WhatsApp-Image-2026-01-22-at-09.36.44-2-500x400.jpeg 500w, https:\/\/www.zateplovanisedlacek.cz\/wp-content\/uploads\/2026\/03\/WhatsApp-Image-2026-01-22-at-09.36.44-2.jpeg 1533w\" sizes=\"auto, (max-width: 1024px) 100vw, 1024px\" \/><\/figure>\n\n\n\n<figure class=\"wp-block-image size-large\"><img loading=\"lazy\" decoding=\"async\" width=\"1024\" height=\"819\" data-id=\"462\" src=\"https:\/\/www.zateplovanisedlacek.cz\/wp-content\/uploads\/2026\/03\/WhatsApp-Image-2026-01-22-at-09.36.44-3-1024x819.jpeg\" alt=\"\" class=\"wp-image-462\" srcset=\"https:\/\/www.zateplovanisedlacek.cz\/wp-content\/uploads\/2026\/03\/WhatsApp-Image-2026-01-22-at-09.36.44-3-1024x819.jpeg 1024w, https:\/\/www.zateplovanisedlacek.cz\/wp-content\/uploads\/2026\/03\/WhatsApp-Image-2026-01-22-at-09.36.44-3-300x240.jpeg 300w, https:\/\/www.zateplovanisedlacek.cz\/wp-content\/uploads\/2026\/03\/WhatsApp-Image-2026-01-22-at-09.36.44-3-768x614.jpeg 768w, https:\/\/www.zateplovanisedlacek.cz\/wp-content\/uploads\/2026\/03\/WhatsApp-Image-2026-01-22-at-09.36.44-3-500x400.jpeg 500w, https:\/\/www.zateplovanisedlacek.cz\/wp-content\/uploads\/2026\/03\/WhatsApp-Image-2026-01-22-at-09.36.44-3.jpeg 1290w\" sizes=\"auto, (max-width: 1024px) 100vw, 1024px\" \/><\/figure>\n\n\n\n<figure class=\"wp-block-image size-large\"><img loading=\"lazy\" decoding=\"async\" width=\"1024\" height=\"819\" data-id=\"463\" src=\"https:\/\/www.zateplovanisedlacek.cz\/wp-content\/uploads\/2026\/03\/WhatsApp-Image-2026-01-22-at-09.36.44-1024x819.jpeg\" alt=\"\" class=\"wp-image-463\" srcset=\"https:\/\/www.zateplovanisedlacek.cz\/wp-content\/uploads\/2026\/03\/WhatsApp-Image-2026-01-22-at-09.36.44-1024x819.jpeg 1024w, https:\/\/www.zateplovanisedlacek.cz\/wp-content\/uploads\/2026\/03\/WhatsApp-Image-2026-01-22-at-09.36.44-300x240.jpeg 300w, https:\/\/www.zateplovanisedlacek.cz\/wp-content\/uploads\/2026\/03\/WhatsApp-Image-2026-01-22-at-09.36.44-768x614.jpeg 768w, https:\/\/www.zateplovanisedlacek.cz\/wp-content\/uploads\/2026\/03\/WhatsApp-Image-2026-01-22-at-09.36.44-1536x1229.jpeg 1536w, https:\/\/www.zateplovanisedlacek.cz\/wp-content\/uploads\/2026\/03\/WhatsApp-Image-2026-01-22-at-09.36.44-500x400.jpeg 500w, https:\/\/www.zateplovanisedlacek.cz\/wp-content\/uploads\/2026\/03\/WhatsApp-Image-2026-01-22-at-09.36.44.jpeg 1920w\" sizes=\"auto, (max-width: 1024px) 100vw, 1024px\" \/><\/figure>\n<\/figure>\n","protected":false},"excerpt":{"rendered":"","protected":false},"author":2,"featured_media":0,"parent":0,"menu_order":0,"comment_status":"closed","ping_status":"closed","template":"","meta":{"footnotes":""},"class_list":["post-454","page","type-page","status-publish","hentry"],"_links":{"self":[{"href":"https:\/\/www.zateplovanisedlacek.cz\/index.php?rest_route=\/wp\/v2\/pages\/454","targetHints":{"allow":["GET"]}}],"collection":[{"href":"https:\/\/www.zateplovanisedlacek.cz\/index.php?rest_route=\/wp\/v2\/pages"}],"about":[{"href":"https:\/\/www.zateplovanisedlacek.cz\/index.php?rest_route=\/wp\/v2\/types\/page"}],"author":[{"embeddable":true,"href":"https:\/\/www.zateplovanisedlacek.cz\/index.php?rest_route=\/wp\/v2\/users\/2"}],"replies":[{"embeddable":true,"href":"https:\/\/www.zateplovanisedlacek.cz\/index.php?rest_route=%2Fwp%2Fv2%2Fcomments&post=454"}],"version-history":[{"count":1,"href":"https:\/\/www.zateplovanisedlacek.cz\/index.php?rest_route=\/wp\/v2\/pages\/454\/revisions"}],"predecessor-version":[{"id":464,"href":"https:\/\/www.zateplovanisedlacek.cz\/index.php?rest_route=\/wp\/v2\/pages\/454\/revisions\/464"}],"wp:attachment":[{"href":"https:\/\/www.zateplovanisedlacek.cz\/index.php?rest_route=%2Fwp%2Fv2%2Fmedia&parent=454"}],"curies":[{"name":"wp","href":"https:\/\/api.w.org\/{rel}","templated":true}]}}