{"id":446,"date":"2026-03-22T13:53:07","date_gmt":"2026-03-22T13:53:07","guid":{"rendered":"https:\/\/www.zateplovanisedlacek.cz\/?page_id=446"},"modified":"2026-03-22T13:53:07","modified_gmt":"2026-03-22T13:53:07","slug":"velky-vrestov","status":"publish","type":"page","link":"https:\/\/www.zateplovanisedlacek.cz\/?page_id=446","title":{"rendered":"Velk\u00fd V\u0159e\u0161\u0165ov"},"content":{"rendered":"\n<figure class=\"wp-block-gallery has-nested-images columns-default is-cropped wp-block-gallery-1 is-layout-flex wp-block-gallery-is-layout-flex\">\n<figure class=\"wp-block-image size-large\"><a href=\"https:\/\/www.zateplovanisedlacek.cz\/wp-content\/uploads\/2026\/03\/WhatsApp-Image-2026-01-22-at-09.24.43-2.jpeg\"><img loading=\"lazy\" decoding=\"async\" width=\"1024\" height=\"819\" data-id=\"447\" src=\"https:\/\/www.zateplovanisedlacek.cz\/wp-content\/uploads\/2026\/03\/WhatsApp-Image-2026-01-22-at-09.24.43-2-1024x819.jpeg\" alt=\"\" class=\"wp-image-447\" srcset=\"https:\/\/www.zateplovanisedlacek.cz\/wp-content\/uploads\/2026\/03\/WhatsApp-Image-2026-01-22-at-09.24.43-2-1024x819.jpeg 1024w, https:\/\/www.zateplovanisedlacek.cz\/wp-content\/uploads\/2026\/03\/WhatsApp-Image-2026-01-22-at-09.24.43-2-300x240.jpeg 300w, https:\/\/www.zateplovanisedlacek.cz\/wp-content\/uploads\/2026\/03\/WhatsApp-Image-2026-01-22-at-09.24.43-2-768x614.jpeg 768w, https:\/\/www.zateplovanisedlacek.cz\/wp-content\/uploads\/2026\/03\/WhatsApp-Image-2026-01-22-at-09.24.43-2-1536x1229.jpeg 1536w, https:\/\/www.zateplovanisedlacek.cz\/wp-content\/uploads\/2026\/03\/WhatsApp-Image-2026-01-22-at-09.24.43-2-500x400.jpeg 500w, https:\/\/www.zateplovanisedlacek.cz\/wp-content\/uploads\/2026\/03\/WhatsApp-Image-2026-01-22-at-09.24.43-2.jpeg 1920w\" sizes=\"auto, (max-width: 1024px) 100vw, 1024px\" \/><\/a><\/figure>\n\n\n\n<figure class=\"wp-block-image size-large\"><img loading=\"lazy\" decoding=\"async\" width=\"1024\" height=\"819\" data-id=\"448\" src=\"https:\/\/www.zateplovanisedlacek.cz\/wp-content\/uploads\/2026\/03\/WhatsApp-Image-2026-01-22-at-09.24.43-1024x819.jpeg\" alt=\"\" class=\"wp-image-448\" srcset=\"https:\/\/www.zateplovanisedlacek.cz\/wp-content\/uploads\/2026\/03\/WhatsApp-Image-2026-01-22-at-09.24.43-1024x819.jpeg 1024w, https:\/\/www.zateplovanisedlacek.cz\/wp-content\/uploads\/2026\/03\/WhatsApp-Image-2026-01-22-at-09.24.43-300x240.jpeg 300w, https:\/\/www.zateplovanisedlacek.cz\/wp-content\/uploads\/2026\/03\/WhatsApp-Image-2026-01-22-at-09.24.43-768x614.jpeg 768w, https:\/\/www.zateplovanisedlacek.cz\/wp-content\/uploads\/2026\/03\/WhatsApp-Image-2026-01-22-at-09.24.43-1536x1229.jpeg 1536w, https:\/\/www.zateplovanisedlacek.cz\/wp-content\/uploads\/2026\/03\/WhatsApp-Image-2026-01-22-at-09.24.43-500x400.jpeg 500w, https:\/\/www.zateplovanisedlacek.cz\/wp-content\/uploads\/2026\/03\/WhatsApp-Image-2026-01-22-at-09.24.43.jpeg 1920w\" sizes=\"auto, (max-width: 1024px) 100vw, 1024px\" \/><\/figure>\n\n\n\n<figure class=\"wp-block-image size-large\"><img loading=\"lazy\" decoding=\"async\" width=\"960\" height=\"768\" data-id=\"449\" src=\"https:\/\/www.zateplovanisedlacek.cz\/wp-content\/uploads\/2026\/03\/WhatsApp-Image-2026-01-22-at-09.24.44-3.jpeg\" alt=\"\" class=\"wp-image-449\" srcset=\"https:\/\/www.zateplovanisedlacek.cz\/wp-content\/uploads\/2026\/03\/WhatsApp-Image-2026-01-22-at-09.24.44-3.jpeg 960w, https:\/\/www.zateplovanisedlacek.cz\/wp-content\/uploads\/2026\/03\/WhatsApp-Image-2026-01-22-at-09.24.44-3-300x240.jpeg 300w, https:\/\/www.zateplovanisedlacek.cz\/wp-content\/uploads\/2026\/03\/WhatsApp-Image-2026-01-22-at-09.24.44-3-768x614.jpeg 768w, https:\/\/www.zateplovanisedlacek.cz\/wp-content\/uploads\/2026\/03\/WhatsApp-Image-2026-01-22-at-09.24.44-3-500x400.jpeg 500w\" sizes=\"auto, (max-width: 960px) 100vw, 960px\" \/><\/figure>\n\n\n\n<figure class=\"wp-block-image size-large\"><img loading=\"lazy\" decoding=\"async\" width=\"1024\" height=\"819\" data-id=\"450\" src=\"https:\/\/www.zateplovanisedlacek.cz\/wp-content\/uploads\/2026\/03\/WhatsApp-Image-2026-01-22-at-09.24.44-1024x819.jpeg\" alt=\"\" class=\"wp-image-450\" srcset=\"https:\/\/www.zateplovanisedlacek.cz\/wp-content\/uploads\/2026\/03\/WhatsApp-Image-2026-01-22-at-09.24.44-1024x819.jpeg 1024w, https:\/\/www.zateplovanisedlacek.cz\/wp-content\/uploads\/2026\/03\/WhatsApp-Image-2026-01-22-at-09.24.44-300x240.jpeg 300w, https:\/\/www.zateplovanisedlacek.cz\/wp-content\/uploads\/2026\/03\/WhatsApp-Image-2026-01-22-at-09.24.44-768x614.jpeg 768w, https:\/\/www.zateplovanisedlacek.cz\/wp-content\/uploads\/2026\/03\/WhatsApp-Image-2026-01-22-at-09.24.44-500x400.jpeg 500w, https:\/\/www.zateplovanisedlacek.cz\/wp-content\/uploads\/2026\/03\/WhatsApp-Image-2026-01-22-at-09.24.44.jpeg 1193w\" sizes=\"auto, (max-width: 1024px) 100vw, 1024px\" \/><\/figure>\n\n\n\n<figure class=\"wp-block-image size-large\"><img loading=\"lazy\" decoding=\"async\" width=\"1024\" height=\"819\" data-id=\"451\" src=\"https:\/\/www.zateplovanisedlacek.cz\/wp-content\/uploads\/2026\/03\/WhatsApp-Image-2026-01-22-at-09.26.10-1024x819.jpeg\" alt=\"\" class=\"wp-image-451\" srcset=\"https:\/\/www.zateplovanisedlacek.cz\/wp-content\/uploads\/2026\/03\/WhatsApp-Image-2026-01-22-at-09.26.10-1024x819.jpeg 1024w, https:\/\/www.zateplovanisedlacek.cz\/wp-content\/uploads\/2026\/03\/WhatsApp-Image-2026-01-22-at-09.26.10-300x240.jpeg 300w, https:\/\/www.zateplovanisedlacek.cz\/wp-content\/uploads\/2026\/03\/WhatsApp-Image-2026-01-22-at-09.26.10-768x615.jpeg 768w, https:\/\/www.zateplovanisedlacek.cz\/wp-content\/uploads\/2026\/03\/WhatsApp-Image-2026-01-22-at-09.26.10-500x400.jpeg 500w, https:\/\/www.zateplovanisedlacek.cz\/wp-content\/uploads\/2026\/03\/WhatsApp-Image-2026-01-22-at-09.26.10.jpeg 1536w\" sizes=\"auto, (max-width: 1024px) 100vw, 1024px\" \/><\/figure>\n<\/figure>\n","protected":false},"excerpt":{"rendered":"","protected":false},"author":2,"featured_media":0,"parent":0,"menu_order":0,"comment_status":"closed","ping_status":"closed","template":"","meta":{"footnotes":""},"class_list":["post-446","page","type-page","status-publish","hentry"],"_links":{"self":[{"href":"https:\/\/www.zateplovanisedlacek.cz\/index.php?rest_route=\/wp\/v2\/pages\/446","targetHints":{"allow":["GET"]}}],"collection":[{"href":"https:\/\/www.zateplovanisedlacek.cz\/index.php?rest_route=\/wp\/v2\/pages"}],"about":[{"href":"https:\/\/www.zateplovanisedlacek.cz\/index.php?rest_route=\/wp\/v2\/types\/page"}],"author":[{"embeddable":true,"href":"https:\/\/www.zateplovanisedlacek.cz\/index.php?rest_route=\/wp\/v2\/users\/2"}],"replies":[{"embeddable":true,"href":"https:\/\/www.zateplovanisedlacek.cz\/index.php?rest_route=%2Fwp%2Fv2%2Fcomments&post=446"}],"version-history":[{"count":1,"href":"https:\/\/www.zateplovanisedlacek.cz\/index.php?rest_route=\/wp\/v2\/pages\/446\/revisions"}],"predecessor-version":[{"id":452,"href":"https:\/\/www.zateplovanisedlacek.cz\/index.php?rest_route=\/wp\/v2\/pages\/446\/revisions\/452"}],"wp:attachment":[{"href":"https:\/\/www.zateplovanisedlacek.cz\/index.php?rest_route=%2Fwp%2Fv2%2Fmedia&parent=446"}],"curies":[{"name":"wp","href":"https:\/\/api.w.org\/{rel}","templated":true}]}}