{"id":403,"date":"2026-03-22T12:07:14","date_gmt":"2026-03-22T12:07:14","guid":{"rendered":"https:\/\/www.zateplovanisedlacek.cz\/?page_id=403"},"modified":"2026-03-22T12:07:14","modified_gmt":"2026-03-22T12:07:14","slug":"bytovy-dum-nove-mesto","status":"publish","type":"page","link":"https:\/\/www.zateplovanisedlacek.cz\/?page_id=403","title":{"rendered":"Bytov\u00fd d\u016fm Nov\u00e9 M\u011bsto"},"content":{"rendered":"\n<figure class=\"wp-block-gallery has-nested-images columns-default is-cropped wp-block-gallery-1 is-layout-flex wp-block-gallery-is-layout-flex\">\n<figure class=\"wp-block-image size-large\"><a href=\"https:\/\/www.zateplovanisedlacek.cz\/wp-content\/uploads\/2026\/03\/6f98747d-561e-4c5b-98d4-df9fd25c462b.jpg\"><img loading=\"lazy\" decoding=\"async\" width=\"1024\" height=\"771\" data-id=\"404\" src=\"https:\/\/www.zateplovanisedlacek.cz\/wp-content\/uploads\/2026\/03\/6f98747d-561e-4c5b-98d4-df9fd25c462b-1024x771.jpg\" alt=\"\" class=\"wp-image-404\" srcset=\"https:\/\/www.zateplovanisedlacek.cz\/wp-content\/uploads\/2026\/03\/6f98747d-561e-4c5b-98d4-df9fd25c462b-1024x771.jpg 1024w, https:\/\/www.zateplovanisedlacek.cz\/wp-content\/uploads\/2026\/03\/6f98747d-561e-4c5b-98d4-df9fd25c462b-300x226.jpg 300w, https:\/\/www.zateplovanisedlacek.cz\/wp-content\/uploads\/2026\/03\/6f98747d-561e-4c5b-98d4-df9fd25c462b-768x578.jpg 768w, https:\/\/www.zateplovanisedlacek.cz\/wp-content\/uploads\/2026\/03\/6f98747d-561e-4c5b-98d4-df9fd25c462b-1536x1157.jpg 1536w, https:\/\/www.zateplovanisedlacek.cz\/wp-content\/uploads\/2026\/03\/6f98747d-561e-4c5b-98d4-df9fd25c462b.jpg 2040w\" sizes=\"auto, (max-width: 1024px) 100vw, 1024px\" \/><\/a><\/figure>\n\n\n\n<figure class=\"wp-block-image size-large\"><img loading=\"lazy\" decoding=\"async\" width=\"1024\" height=\"1024\" data-id=\"405\" src=\"https:\/\/www.zateplovanisedlacek.cz\/wp-content\/uploads\/2026\/03\/Bytovy-dum-Nove-Mesto-1024x1024.jpg\" alt=\"\" class=\"wp-image-405\" srcset=\"https:\/\/www.zateplovanisedlacek.cz\/wp-content\/uploads\/2026\/03\/Bytovy-dum-Nove-Mesto-1024x1024.jpg 1024w, https:\/\/www.zateplovanisedlacek.cz\/wp-content\/uploads\/2026\/03\/Bytovy-dum-Nove-Mesto-300x300.jpg 300w, https:\/\/www.zateplovanisedlacek.cz\/wp-content\/uploads\/2026\/03\/Bytovy-dum-Nove-Mesto-150x150.jpg 150w, https:\/\/www.zateplovanisedlacek.cz\/wp-content\/uploads\/2026\/03\/Bytovy-dum-Nove-Mesto-768x768.jpg 768w, https:\/\/www.zateplovanisedlacek.cz\/wp-content\/uploads\/2026\/03\/Bytovy-dum-Nove-Mesto.jpg 1254w\" sizes=\"auto, (max-width: 1024px) 100vw, 1024px\" \/><\/figure>\n<\/figure>\n","protected":false},"excerpt":{"rendered":"","protected":false},"author":2,"featured_media":0,"parent":0,"menu_order":0,"comment_status":"closed","ping_status":"closed","template":"","meta":{"footnotes":""},"class_list":["post-403","page","type-page","status-publish","hentry"],"_links":{"self":[{"href":"https:\/\/www.zateplovanisedlacek.cz\/index.php?rest_route=\/wp\/v2\/pages\/403","targetHints":{"allow":["GET"]}}],"collection":[{"href":"https:\/\/www.zateplovanisedlacek.cz\/index.php?rest_route=\/wp\/v2\/pages"}],"about":[{"href":"https:\/\/www.zateplovanisedlacek.cz\/index.php?rest_route=\/wp\/v2\/types\/page"}],"author":[{"embeddable":true,"href":"https:\/\/www.zateplovanisedlacek.cz\/index.php?rest_route=\/wp\/v2\/users\/2"}],"replies":[{"embeddable":true,"href":"https:\/\/www.zateplovanisedlacek.cz\/index.php?rest_route=%2Fwp%2Fv2%2Fcomments&post=403"}],"version-history":[{"count":1,"href":"https:\/\/www.zateplovanisedlacek.cz\/index.php?rest_route=\/wp\/v2\/pages\/403\/revisions"}],"predecessor-version":[{"id":407,"href":"https:\/\/www.zateplovanisedlacek.cz\/index.php?rest_route=\/wp\/v2\/pages\/403\/revisions\/407"}],"wp:attachment":[{"href":"https:\/\/www.zateplovanisedlacek.cz\/index.php?rest_route=%2Fwp%2Fv2%2Fmedia&parent=403"}],"curies":[{"name":"wp","href":"https:\/\/api.w.org\/{rel}","templated":true}]}}