{"id":31,"date":"2020-10-28T09:47:34","date_gmt":"2020-10-28T09:47:34","guid":{"rendered":"http:\/\/www.zateplovanisedlacek.cz\/?page_id=31"},"modified":"2020-10-28T11:33:43","modified_gmt":"2020-10-28T11:33:43","slug":"vitejte-na-nasich-strankach","status":"publish","type":"page","link":"https:\/\/www.zateplovanisedlacek.cz\/","title":{"rendered":"V\u00edtejte na na\u0161ich str\u00e1nk\u00e1ch"},"content":{"rendered":"\n<p>Jsme \u010desk\u00e1 stavebn\u00ed firma s dlouholetou tradic\u00ed. S vyu\u017eit\u00edm nejkvalitn\u011bj\u0161\u00edch materi\u00e1l\u016f realizujeme va\u0161e projekty ji\u017e v\u00edce ne\u017e 20 let. <\/p>\n\n\n\n<div class=\"wp-block-image\"><figure class=\"aligncenter size-large is-resized\"><img loading=\"lazy\" decoding=\"async\" src=\"http:\/\/www.zateplovanisedlacek.cz\/wp-content\/uploads\/2020\/10\/5D56D814-8887-4640-A81C-40748D53CBE4-931x1024.jpeg\" alt=\"\" class=\"wp-image-78\" width=\"466\" height=\"512\" srcset=\"https:\/\/www.zateplovanisedlacek.cz\/wp-content\/uploads\/2020\/10\/5D56D814-8887-4640-A81C-40748D53CBE4-931x1024.jpeg 931w, https:\/\/www.zateplovanisedlacek.cz\/wp-content\/uploads\/2020\/10\/5D56D814-8887-4640-A81C-40748D53CBE4-273x300.jpeg 273w, https:\/\/www.zateplovanisedlacek.cz\/wp-content\/uploads\/2020\/10\/5D56D814-8887-4640-A81C-40748D53CBE4-768x844.jpeg 768w, https:\/\/www.zateplovanisedlacek.cz\/wp-content\/uploads\/2020\/10\/5D56D814-8887-4640-A81C-40748D53CBE4-1397x1536.jpeg 1397w, https:\/\/www.zateplovanisedlacek.cz\/wp-content\/uploads\/2020\/10\/5D56D814-8887-4640-A81C-40748D53CBE4.jpeg 1620w\" sizes=\"auto, (max-width: 466px) 100vw, 466px\" \/><\/figure><\/div>\n","protected":false},"excerpt":{"rendered":"<p>Jsme \u010desk\u00e1 stavebn\u00ed firma s dlouholetou tradic\u00ed. S vyu\u017eit\u00edm nejkvalitn\u011bj\u0161\u00edch materi\u00e1l\u016f realizujeme va\u0161e projekty ji\u017e v\u00edce ne\u017e 20 let.<\/p>\n","protected":false},"author":2,"featured_media":0,"parent":0,"menu_order":0,"comment_status":"closed","ping_status":"closed","template":"","meta":{"footnotes":""},"class_list":["post-31","page","type-page","status-publish","hentry"],"_links":{"self":[{"href":"https:\/\/www.zateplovanisedlacek.cz\/index.php?rest_route=\/wp\/v2\/pages\/31","targetHints":{"allow":["GET"]}}],"collection":[{"href":"https:\/\/www.zateplovanisedlacek.cz\/index.php?rest_route=\/wp\/v2\/pages"}],"about":[{"href":"https:\/\/www.zateplovanisedlacek.cz\/index.php?rest_route=\/wp\/v2\/types\/page"}],"author":[{"embeddable":true,"href":"https:\/\/www.zateplovanisedlacek.cz\/index.php?rest_route=\/wp\/v2\/users\/2"}],"replies":[{"embeddable":true,"href":"https:\/\/www.zateplovanisedlacek.cz\/index.php?rest_route=%2Fwp%2Fv2%2Fcomments&post=31"}],"version-history":[{"count":16,"href":"https:\/\/www.zateplovanisedlacek.cz\/index.php?rest_route=\/wp\/v2\/pages\/31\/revisions"}],"predecessor-version":[{"id":82,"href":"https:\/\/www.zateplovanisedlacek.cz\/index.php?rest_route=\/wp\/v2\/pages\/31\/revisions\/82"}],"wp:attachment":[{"href":"https:\/\/www.zateplovanisedlacek.cz\/index.php?rest_route=%2Fwp%2Fv2%2Fmedia&parent=31"}],"curies":[{"name":"wp","href":"https:\/\/api.w.org\/{rel}","templated":true}]}}